{"id":268,"date":"2021-05-09T11:55:39","date_gmt":"2021-05-09T11:55:39","guid":{"rendered":"https:\/\/findyour.lt\/?page_id=268"},"modified":"2021-05-13T17:24:42","modified_gmt":"2021-05-13T17:24:42","slug":"prekiu-grazinimas","status":"publish","type":"page","link":"https:\/\/findyour.lt\/en\/prekiu-grazinimas\/","title":{"rendered":"Return Policy"},"content":{"rendered":"<h2 style=\"text-align: center;\"><strong>Return Policy<\/strong><\/h2>\n<p style=\"font-family: 'Times New Roman';font-size:16px\"><br>Find your e-shop is based on the laws of the Republic of Lithuania, therefore it pursues a return policy.<br>Our policy lasts <strong>per <\/strong><strong>14 days.<\/strong><strong>\u0173 nuo \u012fsigyjimo<\/strong>If 14 days have gone by since your purchase, unfortunately we can\u2019t offer you a refund or exchange. Money for returned goods is returned only by bank transfer to the payer's bank account within 14 calendar days.<\/p>\n<p style=\"font-family: 'Times New Roman';font-size:16px\"><strong>We warn you<\/strong> that the goods you want to return must be unused, without losing their original - commercial appearance, visual features. The original packaging must be undamaged and undeformed. The original label was not removed from the product.<br>To complete your return, we require a receipt or proof of purchase.<\/p>\n<p style=\"font-family: 'Times New Roman';font-size:16px\"><strong>Return delivery<br><\/strong>To return your product, you should contact <a href=\"mailto:info@findyour.lt\">info@findyour.lt<\/a> with a reason why you want to return the product and your name, telephone number. Upon receipt of your reason and contact details, you will be sent a return slip, which you will affix to the shipment upon receipt.<\/p>\n<p style=\"font-family: 'Times New Roman';font-size:16px\"><strong>Returns from other countries<br><\/strong>To return your product from another country (not Lithuania), you should contact <a href=\"mailto:info@findyour.lt\">info@findyour.lt<\/a> with the reason why you want to return the product and your name, telephone number and e-mail. We will contact you personally and provide more detailed information about the return of the product.<\/p>\n<p style=\"font-family: 'Times New Roman';font-size:16px\">After we receive and verify your refund, we will send you an email. an email notifying you that we have received your returned item. We will also notify you of your confirmation or rejection of your refund. If you have not received your refund, please contact us by email <a href=\"mailto:info@findyour.lt\">info@findyour.lt<\/a><\/p>\n\n\n\n<p><\/p>","protected":false},"excerpt":{"rendered":"<p>Preki\u0173 gr\u0105\u017einimas Find your elektronin\u0117 parduotuv\u0117 remiasi Lietuvos Respublikos \u012fstatymais, tod\u0117l vykdo preki\u0173 gr\u0105\u017einimo politik\u0105.Gr\u0105\u017einti prekes galite per 14 dien\u0173 nuo \u012fsigyjimo. Jei nuo j\u016bs\u0173 pirkimo pra\u0117jo daugiau nei 14 dien\u0173, tai negalime pasi\u016blyti pinig\u0173 gr\u0105\u017einimo ar keitimo. Pinigai u\u017e gr\u0105\u017eintas prekes gr\u0105\u017einami tik banko pavedimu \u012f mok\u0117tojo banko s\u0105skait\u0105 per 14 kalendorini\u0173 dien\u0173. \u012esp\u0117jame, [&#8230;]\n","protected":false},"author":1,"featured_media":0,"parent":0,"menu_order":0,"comment_status":"closed","ping_status":"closed","template":"","meta":{"_monsterinsights_skip_tracking":false,"_monsterinsights_sitenote_active":false,"_monsterinsights_sitenote_note":"","_monsterinsights_sitenote_category":0,"footnotes":""},"class_list":["post-268","page","type-page","status-publish","hentry"],"aioseo_notices":[],"jetpack_sharing_enabled":true,"_links":{"self":[{"href":"https:\/\/findyour.lt\/en\/wp-json\/wp\/v2\/pages\/268","targetHints":{"allow":["GET"]}}],"collection":[{"href":"https:\/\/findyour.lt\/en\/wp-json\/wp\/v2\/pages"}],"about":[{"href":"https:\/\/findyour.lt\/en\/wp-json\/wp\/v2\/types\/page"}],"author":[{"embeddable":true,"href":"https:\/\/findyour.lt\/en\/wp-json\/wp\/v2\/users\/1"}],"replies":[{"embeddable":true,"href":"https:\/\/findyour.lt\/en\/wp-json\/wp\/v2\/comments?post=268"}],"version-history":[{"count":11,"href":"https:\/\/findyour.lt\/en\/wp-json\/wp\/v2\/pages\/268\/revisions"}],"predecessor-version":[{"id":388,"href":"https:\/\/findyour.lt\/en\/wp-json\/wp\/v2\/pages\/268\/revisions\/388"}],"wp:attachment":[{"href":"https:\/\/findyour.lt\/en\/wp-json\/wp\/v2\/media?parent=268"}],"curies":[{"name":"wp","href":"https:\/\/api.w.org\/{rel}","templated":true}]}}