{"id":266,"date":"2021-05-09T11:54:47","date_gmt":"2021-05-09T11:54:47","guid":{"rendered":"https:\/\/findyour.lt\/?page_id=266"},"modified":"2021-06-11T14:21:05","modified_gmt":"2021-06-11T14:21:05","slug":"pristatymas","status":"publish","type":"page","link":"https:\/\/findyour.lt\/en\/pristatymas\/","title":{"rendered":"Shipping policy"},"content":{"rendered":"<h2 align=\"center\"><strong>Shipping policy<\/strong><\/h2>\n<p style=\"font-family: 'Times New Roman';font-size:16px\">Once you have paid for your order, you will receive an email confirming your order and the additional information regards to shipping.<\/p>\n<p style=\"font-family: 'Times New Roman';font-size:16px\">Once the goods have been prepared and handed over to the parcel service, you will receive a letter confirming the shipment.<\/p>\n<p style=\"font-family: 'Times New Roman';font-size:16px\">Pagal j\u016bs\u0173 pasirinkt\u0105 Omniva pa\u0161tomat\u0105, mes i\u0161siusime j\u016bs\u0173 siuntin\u012f (jeigu pasirinksite kurjero paslaug\u0105, j\u016bs\u0173 siunta bus pristatyta \u012f namus).<\/p>\n<p style=\"font-family: 'Times New Roman';font-size:16px\">&nbsp;<\/p>\n<p style=\"font-family: 'Times New Roman';font-size:16px\"><strong>Shiping prices:<\/strong><\/p>\n<p style=\"font-family: 'Times New Roman';font-size:16px\">In Lithuania - delivery is FREE when buying for more than 50 Eur.<\/p>\n<p style=\"font-family: 'Times New Roman';font-size:16px\">In Lithuania - the price of delivery by post office is 2.99 Eur, if the order is less than 50 Eur.<\/p>\n<p style=\"font-family: 'Times New Roman';font-size:16px\">In Europe - delivery price 5.99 Eur.<\/p>\n<p style=\"font-family: 'Times New Roman';font-size:16px\">Worldwide - delivery price 9.99 Eur.<\/p>\n<p style=\"font-family: 'Times New Roman';font-size:16px\">&nbsp;<\/p>\n<p style=\"font-family: 'Times New Roman';font-size:16px\">All orders are shipped within 2 business days. Orders are not shipped or delivered on weekends or holidays.<\/p>\n<p style=\"font-family: 'Times New Roman';font-size:16px\">If we are dealing with a large number of orders, shipments may be delayed for several days. If your order is significantly delayed, we will contact you by email.<\/p>\n<p style=\"font-family: 'Times New Roman';font-size:16px\">&nbsp;<\/p>","protected":false},"excerpt":{"rendered":"<p>Pristatymas Apmok\u0117jus u\u017esakym\u0105, j\u016bs gausite lai\u0161k\u0105 \u012f elektronin\u012f pa\u0161t\u0105, kuriame bus patvirtintas J\u016bs\u0173 u\u017esakymas bei nurodyti tolimesni veiksmai d\u0117l siuntimo. Kai prek\u0117s bus paruo\u0161tos ir perduotos siunt\u0173 tarnybai, j\u016bs gausite lai\u0161k\u0105 patvirtinant\u012f siuntos i\u0161siuntim\u0105. Pagal j\u016bs\u0173 pasirinkt\u0105 Omniva pa\u0161tomat\u0105, mes i\u0161siusime j\u016bs\u0173 siuntin\u012f (jeigu pasirinksite kurjero paslaug\u0105, j\u016bs\u0173 siunta bus pristatyta \u012f namus). &nbsp; Siuntimo [&#8230;]\n","protected":false},"author":1,"featured_media":0,"parent":0,"menu_order":0,"comment_status":"closed","ping_status":"closed","template":"","meta":{"_monsterinsights_skip_tracking":false,"_monsterinsights_sitenote_active":false,"_monsterinsights_sitenote_note":"","_monsterinsights_sitenote_category":0,"footnotes":""},"class_list":["post-266","page","type-page","status-publish","hentry"],"aioseo_notices":[],"jetpack_sharing_enabled":true,"_links":{"self":[{"href":"https:\/\/findyour.lt\/en\/wp-json\/wp\/v2\/pages\/266","targetHints":{"allow":["GET"]}}],"collection":[{"href":"https:\/\/findyour.lt\/en\/wp-json\/wp\/v2\/pages"}],"about":[{"href":"https:\/\/findyour.lt\/en\/wp-json\/wp\/v2\/types\/page"}],"author":[{"embeddable":true,"href":"https:\/\/findyour.lt\/en\/wp-json\/wp\/v2\/users\/1"}],"replies":[{"embeddable":true,"href":"https:\/\/findyour.lt\/en\/wp-json\/wp\/v2\/comments?post=266"}],"version-history":[{"count":10,"href":"https:\/\/findyour.lt\/en\/wp-json\/wp\/v2\/pages\/266\/revisions"}],"predecessor-version":[{"id":463,"href":"https:\/\/findyour.lt\/en\/wp-json\/wp\/v2\/pages\/266\/revisions\/463"}],"wp:attachment":[{"href":"https:\/\/findyour.lt\/en\/wp-json\/wp\/v2\/media?parent=266"}],"curies":[{"name":"wp","href":"https:\/\/api.w.org\/{rel}","templated":true}]}}